{"id":8,"date":"2021-02-21T16:18:52","date_gmt":"2021-02-21T16:18:52","guid":{"rendered":"http:\/\/www.bricargaraje.com\/?page_id=8"},"modified":"2023-12-29T18:25:40","modified_gmt":"2023-12-29T18:25:40","slug":"inicio","status":"publish","type":"page","link":"https:\/\/www.bricargaraje.com\/","title":{"rendered":""},"content":{"rendered":"\n<div class=\"wp-block-cover alignfull has-background-dim-80 has-background-dim has-background-gradient banner-section\" style=\"min-height:487px\"><span aria-hidden=\"true\" class=\"wp-block-cover__gradient-background\" style=\"background:linear-gradient(100deg,rgb(0,0,0) 53%,rgba(0,0,0,0.63) 99%)\"><\/span><img class=\"wp-block-cover__image-background wp-image-6563\" alt=\"\" src=\"https:\/\/www.bricargaraje.com\/wp-content\/themes\/sirat\/inc\/block-patterns\/images\/banner.png\" data-object-fit=\"cover\"\/><div class=\"wp-block-cover__inner-container\">\n<div class=\"wp-block-columns alignwide\">\n<div class=\"wp-block-column is-vertically-aligned-center\">\n<div class=\"wp-block-group banner-content\"><div class=\"wp-block-group__inner-container\">\n<h4 class=\"has-text-align-left mb-1\">ARR\u00c9GLALO T\u00da MISMO!<\/h4>\n\n\n\n<h1 class=\"has-text-align-left mb-1\">ALQUILER DE BOXES CON HERRAMIENTAS<\/h1>\n\n\n\n<p class=\"has-text-align-left mb-2\">Disponemos boxes con elevadores y todas las herramientas necesarias.<\/p>\n\n\n\n<div class=\"wp-block-buttons\">\n<div class=\"wp-block-button mb-1\"><a class=\"wp-block-button__link has-text-color has-background\" style=\"background-color:#febe00;color:#121212\">M\u00c1S INFORMACI\u00d3N<\/a><\/div>\n<\/div>\n<\/div><\/div>\n<\/div>\n<\/div>\n<\/div><\/div>\n\n\n\n<div class=\"wp-block-cover alignfull has-white-background-color has-background-dim article-outer-box\"><div class=\"wp-block-cover__inner-container\">\n<div class=\"wp-block-columns alignwide\">\n<div class=\"wp-block-column\" style=\"flex-basis:33.33%\">\n<div class=\"wp-block-group article-title mb-lg-0 mb-4\"><div class=\"wp-block-group__inner-container\">\n<h2 class=\"has-text-align-left mb-0 mt-0 has-text-color\" style=\"color:#121212\">NUESTROS SERVICIOS<\/h2>\n<\/div><\/div>\n<\/div>\n\n\n\n<div class=\"wp-block-column mb-lg-0 mb-4 mt-0\" style=\"flex-basis:66.66%\">\n<div class=\"wp-block-group article-content\"><div class=\"wp-block-group__inner-container\">\n<p class=\"mb-0 has-black-color has-text-color\">&nbsp;En BRICARGARAJE podr\u00e1s reparar y revisar tu veh\u00edculo por ti mismo, adem\u00e1s la facilidad de disponer de los recambios que necesites sin tener que desplazarte a otros sitios.<\/p>\n<\/div><\/div>\n\n\n\n<p><\/p>\n<\/div>\n<\/div>\n\n\n\n<div class=\"wp-block-columns alignwide\">\n<div class=\"wp-block-column article-inner-box p-4 mb-lg-0 mb-4\">\n<figure class=\"wp-block-image size-large\"><img src=\"https:\/\/www.bricargaraje.com\/wp-content\/themes\/sirat\/inc\/block-patterns\/images\/services1.png\" alt=\"\" class=\"wp-image-6496\"\/><\/figure>\n\n\n\n<h3 class=\"mb-2 has-text-color\" style=\"color:#121212\">ALQUILER DE BOXES<\/h3>\n\n\n\n<p class=\"has-text-color\" style=\"color:#121212\">Disp\u00f3n de un box con elevador para ti solo. <\/p>\n\n\n\n<div class=\"wp-block-buttons\"><\/div>\n<\/div>\n\n\n\n<div class=\"wp-block-column article-inner-box p-4 mb-lg-0 mb-4\">\n<figure class=\"wp-block-image size-large\"><img src=\"https:\/\/www.bricargaraje.com\/wp-content\/themes\/sirat\/inc\/block-patterns\/images\/services2.png\" alt=\"\" class=\"wp-image-6498\"\/><\/figure>\n\n\n\n<h3 class=\"mb-2 has-text-color\" style=\"color:#121212\">CAMBIO DE NEUM\u00c1TICOS<\/h3>\n\n\n\n<p class=\"has-black-color has-text-color\">El buen estado de tus\u00a0<em>neum\u00e1ticos<\/em>\u00a0es primordial para tu seguridad.<\/p>\n\n\n\n<div class=\"wp-block-buttons\"><\/div>\n\n\n\n<p><\/p>\n<\/div>\n\n\n\n<div class=\"wp-block-column article-inner-box p-4 mb-lg-0 mb-4\">\n<figure class=\"wp-block-image size-large\"><img src=\"https:\/\/www.bricargaraje.com\/wp-content\/themes\/sirat\/inc\/block-patterns\/images\/services3.png\" alt=\"\" class=\"wp-image-6499\"\/><\/figure>\n\n\n\n<h3 class=\"mb-2 has-text-color\" style=\"color:#121212\">M\u00c1QUINA DE DIAGNOSIS<\/h3>\n\n\n\n<p class=\"has-black-color has-text-color\">Detecta los errores de tu veh\u00edculo mediante nuestros dispositivos.<\/p>\n\n\n\n<div class=\"wp-block-buttons\"><\/div>\n<\/div>\n<\/div>\n<\/div><\/div>\n","protected":false},"excerpt":{"rendered":"","protected":false},"author":1,"featured_media":0,"parent":0,"menu_order":0,"comment_status":"closed","ping_status":"closed","template":"","meta":[],"_links":{"self":[{"href":"https:\/\/www.bricargaraje.com\/index.php\/wp-json\/wp\/v2\/pages\/8"}],"collection":[{"href":"https:\/\/www.bricargaraje.com\/index.php\/wp-json\/wp\/v2\/pages"}],"about":[{"href":"https:\/\/www.bricargaraje.com\/index.php\/wp-json\/wp\/v2\/types\/page"}],"author":[{"embeddable":true,"href":"https:\/\/www.bricargaraje.com\/index.php\/wp-json\/wp\/v2\/users\/1"}],"replies":[{"embeddable":true,"href":"https:\/\/www.bricargaraje.com\/index.php\/wp-json\/wp\/v2\/comments?post=8"}],"version-history":[{"count":10,"href":"https:\/\/www.bricargaraje.com\/index.php\/wp-json\/wp\/v2\/pages\/8\/revisions"}],"predecessor-version":[{"id":58,"href":"https:\/\/www.bricargaraje.com\/index.php\/wp-json\/wp\/v2\/pages\/8\/revisions\/58"}],"wp:attachment":[{"href":"https:\/\/www.bricargaraje.com\/index.php\/wp-json\/wp\/v2\/media?parent=8"}],"curies":[{"name":"wp","href":"https:\/\/api.w.org\/{rel}","templated":true}]}}